{"id":55,"date":"2019-10-13T11:56:08","date_gmt":"2019-10-13T16:56:08","guid":{"rendered":"http:\/\/pasogalope.com\/web\/?page_id=55"},"modified":"2021-09-06T15:52:19","modified_gmt":"2021-09-06T20:52:19","slug":"la-revista","status":"publish","type":"page","link":"http:\/\/pasogalope.com\/web\/la-revista\/","title":{"rendered":"La revista"},"content":{"rendered":"\t\t<div data-elementor-type=\"wp-page\" data-elementor-id=\"55\" class=\"elementor elementor-55\">\n\t\t\t\t\t\t<div class=\"elementor-inner\">\n\t\t\t\t<div class=\"elementor-section-wrap\">\n\t\t\t\t\t\t\t\t\t<section class=\"elementor-section elementor-top-section elementor-element elementor-element-81cbbc4 elementor-section-boxed elementor-section-height-default elementor-section-height-default\" data-id=\"81cbbc4\" data-element_type=\"section\">\n\t\t\t\t\t\t<div class=\"elementor-container elementor-column-gap-wide\">\n\t\t\t\t\t\t\t<div class=\"elementor-row\">\n\t\t\t\t\t<div class=\"elementor-column elementor-col-33 elementor-top-column elementor-element elementor-element-81c3f47\" data-id=\"81c3f47\" data-element_type=\"column\">\n\t\t\t<div class=\"elementor-column-wrap elementor-element-populated\">\n\t\t\t\t\t\t\t<div class=\"elementor-widget-wrap\">\n\t\t\t\t\t\t<div class=\"elementor-element elementor-element-6809315 elementor-widget elementor-widget-text-editor\" data-id=\"6809315\" data-element_type=\"widget\" data-widget_type=\"text-editor.default\">\n\t\t\t\t<div class=\"elementor-widget-container\">\n\t\t\t\t\t\t\t\t<div class=\"elementor-text-editor elementor-clearfix\">\n\t\t\t\t<p><strong>6,500<\/strong> Seguidores Facebook<br \/><strong>53,000<\/strong> personas alcanzadas<br \/><strong>550<\/strong> Contactos WhatsApp<\/p><p>La Revista f\u00edsica y digital ser\u00e1 distribuida trimestralmente, cuatro revistas al a\u00f1o a nuestros suscriptores.<\/p>\t\t\t\t\t<\/div>\n\t\t\t\t\t\t<\/div>\n\t\t\t\t<\/div>\n\t\t\t\t<div class=\"elementor-element elementor-element-8e24592 elementor-widget elementor-widget-text-editor\" data-id=\"8e24592\" data-element_type=\"widget\" data-widget_type=\"text-editor.default\">\n\t\t\t\t<div class=\"elementor-widget-container\">\n\t\t\t\t\t\t\t\t<div class=\"elementor-text-editor elementor-clearfix\">\n\t\t\t\t<p>Tiraje: <b>2000<\/b><\/p><p>Tama\u00f1o: <b>23 x 30 cm cerrada<\/b><\/p><p>N\u00ba de p\u00e1ginas: <b>48 p\u00e1ginas<\/b><\/p><p>Papel couch\u00e9 250 gr. \/ couch\u00e9 115 gr.<\/p><p>Costo anual: <b>S\/. 100.00 (suscripci\u00f3n)<\/b><\/p>\t\t\t\t\t<\/div>\n\t\t\t\t\t\t<\/div>\n\t\t\t\t<\/div>\n\t\t\t\t\t\t<\/div>\n\t\t\t\t\t<\/div>\n\t\t<\/div>\n\t\t\t\t<div class=\"elementor-column elementor-col-66 elementor-top-column elementor-element elementor-element-ab1b81f\" data-id=\"ab1b81f\" data-element_type=\"column\">\n\t\t\t<div class=\"elementor-column-wrap elementor-element-populated\">\n\t\t\t\t\t\t\t<div class=\"elementor-widget-wrap\">\n\t\t\t\t\t\t<div class=\"elementor-element elementor-element-fd6d87a elementor-widget elementor-widget-image\" data-id=\"fd6d87a\" data-element_type=\"widget\" data-widget_type=\"image.default\">\n\t\t\t\t<div class=\"elementor-widget-container\">\n\t\t\t\t\t\t\t\t<div class=\"elementor-image\">\n\t\t\t\t\t\t\t\t\t\t\t\t<img width=\"800\" height=\"533\" src=\"http:\/\/pasogalope.com\/web\/wp-content\/uploads\/2019\/10\/PASO.jpg\" class=\"attachment-large size-large\" alt=\"\" loading=\"lazy\" srcset=\"http:\/\/pasogalope.com\/web\/wp-content\/uploads\/2019\/10\/PASO.jpg 800w, http:\/\/pasogalope.com\/web\/wp-content\/uploads\/2019\/10\/PASO-300x200.jpg 300w, http:\/\/pasogalope.com\/web\/wp-content\/uploads\/2019\/10\/PASO-768x512.jpg 768w, http:\/\/pasogalope.com\/web\/wp-content\/uploads\/2019\/10\/PASO-380x254.jpg 380w\" sizes=\"(max-width: 800px) 100vw, 800px\" \/>\t\t\t\t\t\t\t\t\t\t\t\t\t\t<\/div>\n\t\t\t\t\t\t<\/div>\n\t\t\t\t<\/div>\n\t\t\t\t\t\t<\/div>\n\t\t\t\t\t<\/div>\n\t\t<\/div>\n\t\t\t\t\t\t\t\t<\/div>\n\t\t\t\t\t<\/div>\n\t\t<\/section>\n\t\t\t\t<section class=\"elementor-section elementor-top-section elementor-element elementor-element-4019a82 elementor-section-boxed elementor-section-height-default elementor-section-height-default\" data-id=\"4019a82\" data-element_type=\"section\">\n\t\t\t\t\t\t<div class=\"elementor-container elementor-column-gap-wide\">\n\t\t\t\t\t\t\t<div class=\"elementor-row\">\n\t\t\t\t\t<div class=\"elementor-column elementor-col-100 elementor-top-column elementor-element elementor-element-ad0b908\" data-id=\"ad0b908\" data-element_type=\"column\">\n\t\t\t<div class=\"elementor-column-wrap elementor-element-populated\">\n\t\t\t\t\t\t\t<div class=\"elementor-widget-wrap\">\n\t\t\t\t\t\t<div class=\"elementor-element elementor-element-0dcd975 elementor-widget-divider--view-line elementor-widget elementor-widget-divider\" data-id=\"0dcd975\" data-element_type=\"widget\" data-widget_type=\"divider.default\">\n\t\t\t\t<div class=\"elementor-widget-container\">\n\t\t\t\t\t<div class=\"elementor-divider\">\n\t\t\t<span class=\"elementor-divider-separator\">\n\t\t\t\t\t\t<\/span>\n\t\t<\/div>\n\t\t\t\t<\/div>\n\t\t\t\t<\/div>\n\t\t\t\t\t\t<\/div>\n\t\t\t\t\t<\/div>\n\t\t<\/div>\n\t\t\t\t\t\t\t\t<\/div>\n\t\t\t\t\t<\/div>\n\t\t<\/section>\n\t\t\t\t<section class=\"elementor-section elementor-top-section elementor-element elementor-element-1082ccb elementor-section-boxed elementor-section-height-default elementor-section-height-default\" data-id=\"1082ccb\" data-element_type=\"section\">\n\t\t\t\t\t\t<div class=\"elementor-container elementor-column-gap-wide\">\n\t\t\t\t\t\t\t<div class=\"elementor-row\">\n\t\t\t\t\t<div class=\"elementor-column elementor-col-100 elementor-top-column elementor-element elementor-element-9caec1b\" data-id=\"9caec1b\" data-element_type=\"column\">\n\t\t\t<div class=\"elementor-column-wrap elementor-element-populated\">\n\t\t\t\t\t\t\t<div class=\"elementor-widget-wrap\">\n\t\t\t\t\t\t<div class=\"elementor-element elementor-element-6e9661c elementor-widget elementor-widget-heading\" data-id=\"6e9661c\" data-element_type=\"widget\" data-widget_type=\"heading.default\">\n\t\t\t\t<div class=\"elementor-widget-container\">\n\t\t\t<h2 class=\"elementor-heading-title elementor-size-medium\">Nuestras secciones<\/h2>\t\t<\/div>\n\t\t\t\t<\/div>\n\t\t\t\t\t\t<\/div>\n\t\t\t\t\t<\/div>\n\t\t<\/div>\n\t\t\t\t\t\t\t\t<\/div>\n\t\t\t\t\t<\/div>\n\t\t<\/section>\n\t\t\t\t<section class=\"elementor-section elementor-top-section elementor-element elementor-element-b00d717 elementor-section-boxed elementor-section-height-default elementor-section-height-default\" data-id=\"b00d717\" data-element_type=\"section\">\n\t\t\t\t\t\t<div class=\"elementor-container elementor-column-gap-wide\">\n\t\t\t\t\t\t\t<div class=\"elementor-row\">\n\t\t\t\t\t<div class=\"elementor-column elementor-col-33 elementor-top-column elementor-element elementor-element-ad81735\" data-id=\"ad81735\" data-element_type=\"column\">\n\t\t\t<div class=\"elementor-column-wrap elementor-element-populated\">\n\t\t\t\t\t\t\t<div class=\"elementor-widget-wrap\">\n\t\t\t\t\t\t<div class=\"elementor-element elementor-element-6196ea6 elementor-widget elementor-widget-text-editor\" data-id=\"6196ea6\" data-element_type=\"widget\" data-widget_type=\"text-editor.default\">\n\t\t\t\t<div class=\"elementor-widget-container\">\n\t\t\t\t\t\t\t\t<div class=\"elementor-text-editor elementor-clearfix\">\n\t\t\t\t<ul><li>Equitaci\u00f3n<\/li><li>Caballo Peruano de Paso<\/li><li>Hip\u00f3dromo<\/li><li>Polo<\/li><li>Endurance<\/li><\/ul>\t\t\t\t\t<\/div>\n\t\t\t\t\t\t<\/div>\n\t\t\t\t<\/div>\n\t\t\t\t\t\t<\/div>\n\t\t\t\t\t<\/div>\n\t\t<\/div>\n\t\t\t\t<div class=\"elementor-column elementor-col-33 elementor-top-column elementor-element elementor-element-095c185\" data-id=\"095c185\" data-element_type=\"column\">\n\t\t\t<div class=\"elementor-column-wrap elementor-element-populated\">\n\t\t\t\t\t\t\t<div class=\"elementor-widget-wrap\">\n\t\t\t\t\t\t<div class=\"elementor-element elementor-element-c9f83c6 elementor-widget elementor-widget-text-editor\" data-id=\"c9f83c6\" data-element_type=\"widget\" data-widget_type=\"text-editor.default\">\n\t\t\t\t<div class=\"elementor-widget-container\">\n\t\t\t\t\t\t\t\t<div class=\"elementor-text-editor elementor-clearfix\">\n\t\t\t\t<ul><li>La Galer\u00eda Ecuestre<\/li><li>La Cuadra Veterinaria<\/li><li>El Lenguaje Ecuestre<\/li><li>La Barra Ecuestre<\/li><li>Estilo de Vida<\/li><\/ul>\t\t\t\t\t<\/div>\n\t\t\t\t\t\t<\/div>\n\t\t\t\t<\/div>\n\t\t\t\t\t\t<\/div>\n\t\t\t\t\t<\/div>\n\t\t<\/div>\n\t\t\t\t<div class=\"elementor-column elementor-col-33 elementor-top-column elementor-element elementor-element-e65204c\" data-id=\"e65204c\" data-element_type=\"column\">\n\t\t\t<div class=\"elementor-column-wrap elementor-element-populated\">\n\t\t\t\t\t\t\t<div class=\"elementor-widget-wrap\">\n\t\t\t\t\t\t<div class=\"elementor-element elementor-element-13291e1 elementor-widget elementor-widget-text-editor\" data-id=\"13291e1\" data-element_type=\"widget\" data-widget_type=\"text-editor.default\">\n\t\t\t\t<div class=\"elementor-widget-container\">\n\t\t\t\t\t\t\t\t<div class=\"elementor-text-editor elementor-clearfix\">\n\t\t\t\t<ul><li>Gastronom\u00eda<\/li><li>H\u00edpicos de Excursi\u00f3n<\/li><li>Caballos De fuerza<\/li><li>Notas Internacionales<\/li><li>Superaci\u00f3n Ecuestre<\/li><\/ul>\t\t\t\t\t<\/div>\n\t\t\t\t\t\t<\/div>\n\t\t\t\t<\/div>\n\t\t\t\t\t\t<\/div>\n\t\t\t\t\t<\/div>\n\t\t<\/div>\n\t\t\t\t\t\t\t\t<\/div>\n\t\t\t\t\t<\/div>\n\t\t<\/section>\n\t\t\t\t<section class=\"elementor-section elementor-top-section elementor-element elementor-element-3998a6a elementor-section-boxed elementor-section-height-default elementor-section-height-default\" data-id=\"3998a6a\" data-element_type=\"section\">\n\t\t\t\t\t\t<div class=\"elementor-container elementor-column-gap-wide\">\n\t\t\t\t\t\t\t<div class=\"elementor-row\">\n\t\t\t\t\t<div class=\"elementor-column elementor-col-100 elementor-top-column elementor-element elementor-element-6c56642\" data-id=\"6c56642\" data-element_type=\"column\">\n\t\t\t<div class=\"elementor-column-wrap elementor-element-populated\">\n\t\t\t\t\t\t\t<div class=\"elementor-widget-wrap\">\n\t\t\t\t\t\t<div class=\"elementor-element elementor-element-d185030 elementor-widget-divider--view-line elementor-widget elementor-widget-divider\" data-id=\"d185030\" data-element_type=\"widget\" data-widget_type=\"divider.default\">\n\t\t\t\t<div class=\"elementor-widget-container\">\n\t\t\t\t\t<div class=\"elementor-divider\">\n\t\t\t<span class=\"elementor-divider-separator\">\n\t\t\t\t\t\t<\/span>\n\t\t<\/div>\n\t\t\t\t<\/div>\n\t\t\t\t<\/div>\n\t\t\t\t\t\t<\/div>\n\t\t\t\t\t<\/div>\n\t\t<\/div>\n\t\t\t\t\t\t\t\t<\/div>\n\t\t\t\t\t<\/div>\n\t\t<\/section>\n\t\t\t\t<section class=\"elementor-section elementor-top-section elementor-element elementor-element-0b3dd4f elementor-section-boxed elementor-section-height-default elementor-section-height-default\" data-id=\"0b3dd4f\" data-element_type=\"section\">\n\t\t\t\t\t\t<div class=\"elementor-container elementor-column-gap-wide\">\n\t\t\t\t\t\t\t<div class=\"elementor-row\">\n\t\t\t\t\t<div class=\"elementor-column elementor-col-50 elementor-top-column elementor-element elementor-element-50137b6\" data-id=\"50137b6\" data-element_type=\"column\">\n\t\t\t<div class=\"elementor-column-wrap elementor-element-populated\">\n\t\t\t\t\t\t\t<div class=\"elementor-widget-wrap\">\n\t\t\t\t\t\t<div class=\"elementor-element elementor-element-cfec92f elementor-widget elementor-widget-heading\" data-id=\"cfec92f\" data-element_type=\"widget\" data-widget_type=\"heading.default\">\n\t\t\t\t<div class=\"elementor-widget-container\">\n\t\t\t<h2 class=\"elementor-heading-title elementor-size-medium\">Beneficios<\/h2>\t\t<\/div>\n\t\t\t\t<\/div>\n\t\t\t\t<div class=\"elementor-element elementor-element-0387932 elementor-widget elementor-widget-text-editor\" data-id=\"0387932\" data-element_type=\"widget\" data-widget_type=\"text-editor.default\">\n\t\t\t\t<div class=\"elementor-widget-container\">\n\t\t\t\t\t\t\t\t<div class=\"elementor-text-editor elementor-clearfix\">\n\t\t\t\t<ul><li>Llega a un p\u00fablico exclusivo<\/li><li>Le da espacio a todas las actividades ecuestres<\/li><li>Es la \u00fanica en brindar informaci\u00f3n especializada<\/li><li>Tenemos acceso a varias competencias internacionales<\/li><\/ul>\t\t\t\t\t<\/div>\n\t\t\t\t\t\t<\/div>\n\t\t\t\t<\/div>\n\t\t\t\t<div class=\"elementor-element elementor-element-cf7bd0f elementor-widget elementor-widget-image\" data-id=\"cf7bd0f\" data-element_type=\"widget\" data-widget_type=\"image.default\">\n\t\t\t\t<div class=\"elementor-widget-container\">\n\t\t\t\t\t\t\t\t<div class=\"elementor-image\">\n\t\t\t\t\t\t\t\t\t\t\t\t<img width=\"945\" height=\"385\" src=\"http:\/\/pasogalope.com\/web\/wp-content\/uploads\/2019\/10\/HIPODROMO.jpg\" class=\"attachment-large size-large\" alt=\"\" loading=\"lazy\" srcset=\"http:\/\/pasogalope.com\/web\/wp-content\/uploads\/2019\/10\/HIPODROMO.jpg 945w, http:\/\/pasogalope.com\/web\/wp-content\/uploads\/2019\/10\/HIPODROMO-300x122.jpg 300w, http:\/\/pasogalope.com\/web\/wp-content\/uploads\/2019\/10\/HIPODROMO-768x313.jpg 768w\" sizes=\"(max-width: 945px) 100vw, 945px\" \/>\t\t\t\t\t\t\t\t\t\t\t\t\t\t<\/div>\n\t\t\t\t\t\t<\/div>\n\t\t\t\t<\/div>\n\t\t\t\t\t\t<\/div>\n\t\t\t\t\t<\/div>\n\t\t<\/div>\n\t\t\t\t<div class=\"elementor-column elementor-col-50 elementor-top-column elementor-element elementor-element-206f521\" data-id=\"206f521\" data-element_type=\"column\">\n\t\t\t<div class=\"elementor-column-wrap elementor-element-populated\">\n\t\t\t\t\t\t\t<div class=\"elementor-widget-wrap\">\n\t\t\t\t\t\t<div class=\"elementor-element elementor-element-4f44c97 elementor-widget elementor-widget-image\" data-id=\"4f44c97\" data-element_type=\"widget\" data-widget_type=\"image.default\">\n\t\t\t\t<div class=\"elementor-widget-container\">\n\t\t\t\t\t\t\t\t<div class=\"elementor-image\">\n\t\t\t\t\t\t\t\t\t\t\t\t<img width=\"736\" height=\"760\" src=\"http:\/\/pasogalope.com\/web\/wp-content\/uploads\/2019\/10\/POLO.jpg\" class=\"attachment-large size-large\" alt=\"\" loading=\"lazy\" srcset=\"http:\/\/pasogalope.com\/web\/wp-content\/uploads\/2019\/10\/POLO.jpg 736w, http:\/\/pasogalope.com\/web\/wp-content\/uploads\/2019\/10\/POLO-291x300.jpg 291w, http:\/\/pasogalope.com\/web\/wp-content\/uploads\/2019\/10\/POLO-45x45.jpg 45w\" sizes=\"(max-width: 736px) 100vw, 736px\" \/>\t\t\t\t\t\t\t\t\t\t\t\t\t\t<\/div>\n\t\t\t\t\t\t<\/div>\n\t\t\t\t<\/div>\n\t\t\t\t\t\t<\/div>\n\t\t\t\t\t<\/div>\n\t\t<\/div>\n\t\t\t\t\t\t\t\t<\/div>\n\t\t\t\t\t<\/div>\n\t\t<\/section>\n\t\t\t\t\t\t\t\t\t<\/div>\n\t\t\t<\/div>\n\t\t\t\t\t<\/div>\n\t\t","protected":false},"excerpt":{"rendered":"<p>6,500 Seguidores Facebook53,000 personas alcanzadas550 Contactos WhatsApp La Revista f\u00edsica y digital ser\u00e1 distribuida trimestralmente, cuatro revistas al a\u00f1o a nuestros suscriptores. Tiraje: 2000 Tama\u00f1o: 23 x 30 cm cerrada N\u00ba de p\u00e1ginas: 48 p\u00e1ginas Papel couch\u00e9 250 gr. \/ couch\u00e9 115 gr. Costo anual: S\/. 100.00 (suscripci\u00f3n) Nuestras secciones Equitaci\u00f3n Caballo Peruano de Paso&hellip;<\/p>\n<p class=\"more-link\"><a href=\"http:\/\/pasogalope.com\/web\/la-revista\/\" class=\"themebutton2\">Leer m\u00e1s<\/a><\/p>\n","protected":false},"author":1,"featured_media":0,"parent":0,"menu_order":0,"comment_status":"closed","ping_status":"closed","template":"","meta":[],"_links":{"self":[{"href":"http:\/\/pasogalope.com\/web\/wp-json\/wp\/v2\/pages\/55"}],"collection":[{"href":"http:\/\/pasogalope.com\/web\/wp-json\/wp\/v2\/pages"}],"about":[{"href":"http:\/\/pasogalope.com\/web\/wp-json\/wp\/v2\/types\/page"}],"author":[{"embeddable":true,"href":"http:\/\/pasogalope.com\/web\/wp-json\/wp\/v2\/users\/1"}],"replies":[{"embeddable":true,"href":"http:\/\/pasogalope.com\/web\/wp-json\/wp\/v2\/comments?post=55"}],"version-history":[{"count":19,"href":"http:\/\/pasogalope.com\/web\/wp-json\/wp\/v2\/pages\/55\/revisions"}],"predecessor-version":[{"id":212,"href":"http:\/\/pasogalope.com\/web\/wp-json\/wp\/v2\/pages\/55\/revisions\/212"}],"wp:attachment":[{"href":"http:\/\/pasogalope.com\/web\/wp-json\/wp\/v2\/media?parent=55"}],"curies":[{"name":"wp","href":"https:\/\/api.w.org\/{rel}","templated":true}]}}