{"id":32,"date":"2019-10-12T11:30:26","date_gmt":"2019-10-12T16:30:26","guid":{"rendered":"http:\/\/pasogalope.com\/web\/?page_id=32"},"modified":"2019-10-14T22:15:42","modified_gmt":"2019-10-15T03:15:42","slug":"quienes-somos","status":"publish","type":"page","link":"http:\/\/pasogalope.com\/web\/quienes-somos\/","title":{"rendered":"Nosotros"},"content":{"rendered":"\t\t<div data-elementor-type=\"wp-page\" data-elementor-id=\"32\" class=\"elementor elementor-32\">\n\t\t\t\t\t\t<div class=\"elementor-inner\">\n\t\t\t\t<div class=\"elementor-section-wrap\">\n\t\t\t\t\t\t\t\t\t<section class=\"elementor-section elementor-top-section elementor-element elementor-element-c2b3d00 elementor-section-boxed elementor-section-height-default elementor-section-height-default\" data-id=\"c2b3d00\" data-element_type=\"section\">\n\t\t\t\t\t\t<div class=\"elementor-container elementor-column-gap-wide\">\n\t\t\t\t\t\t\t<div class=\"elementor-row\">\n\t\t\t\t\t<div class=\"elementor-column elementor-col-50 elementor-top-column elementor-element elementor-element-16b1a6c\" data-id=\"16b1a6c\" data-element_type=\"column\">\n\t\t\t<div class=\"elementor-column-wrap elementor-element-populated\">\n\t\t\t\t\t\t\t<div class=\"elementor-widget-wrap\">\n\t\t\t\t\t\t<div class=\"elementor-element elementor-element-9dccee8 elementor-widget elementor-widget-text-editor\" data-id=\"9dccee8\" data-element_type=\"widget\" data-widget_type=\"text-editor.default\">\n\t\t\t\t<div class=\"elementor-widget-container\">\n\t\t\t\t\t\t\t\t<div class=\"elementor-text-editor elementor-clearfix\">\n\t\t\t\t<p>Hacemos coberturas a nivel nacional e internacional, estamos presentes como en competencias ecuestres Mundiales, Ol\u00edmpicas, Panamericanos, Sudamericanos, Bolivarianos y culturalmente con la raza caballar del Per\u00fa, el Caballo Peruano de Paso.<\/p>\t\t\t\t\t<\/div>\n\t\t\t\t\t\t<\/div>\n\t\t\t\t<\/div>\n\t\t\t\t<div class=\"elementor-element elementor-element-d2435e2 elementor-widget elementor-widget-image\" data-id=\"d2435e2\" data-element_type=\"widget\" data-widget_type=\"image.default\">\n\t\t\t\t<div class=\"elementor-widget-container\">\n\t\t\t\t\t\t\t\t<div class=\"elementor-image\">\n\t\t\t\t\t\t\t\t\t\t\t\t<img width=\"709\" height=\"595\" src=\"http:\/\/pasogalope.com\/web\/wp-content\/uploads\/2019\/10\/quienes_somos.jpg\" class=\"attachment-large size-large\" alt=\"\" loading=\"lazy\" srcset=\"http:\/\/pasogalope.com\/web\/wp-content\/uploads\/2019\/10\/quienes_somos.jpg 709w, http:\/\/pasogalope.com\/web\/wp-content\/uploads\/2019\/10\/quienes_somos-300x252.jpg 300w\" sizes=\"(max-width: 709px) 100vw, 709px\" \/>\t\t\t\t\t\t\t\t\t\t\t\t\t\t<\/div>\n\t\t\t\t\t\t<\/div>\n\t\t\t\t<\/div>\n\t\t\t\t\t\t<\/div>\n\t\t\t\t\t<\/div>\n\t\t<\/div>\n\t\t\t\t<div class=\"elementor-column elementor-col-50 elementor-top-column elementor-element elementor-element-476c27f\" data-id=\"476c27f\" data-element_type=\"column\">\n\t\t\t<div class=\"elementor-column-wrap elementor-element-populated\">\n\t\t\t\t\t\t\t<div class=\"elementor-widget-wrap\">\n\t\t\t\t\t\t<div class=\"elementor-element elementor-element-3897cef elementor-widget elementor-widget-heading\" data-id=\"3897cef\" data-element_type=\"widget\" data-widget_type=\"heading.default\">\n\t\t\t\t<div class=\"elementor-widget-container\">\n\t\t\t<h2 class=\"elementor-heading-title elementor-size-medium\">C\u00f3mo nacimos<\/h2>\t\t<\/div>\n\t\t\t\t<\/div>\n\t\t\t\t<div class=\"elementor-element elementor-element-e015cf5 elementor-widget elementor-widget-text-editor\" data-id=\"e015cf5\" data-element_type=\"widget\" data-widget_type=\"text-editor.default\">\n\t\t\t\t<div class=\"elementor-widget-container\">\n\t\t\t\t\t\t\t\t<div class=\"elementor-text-editor elementor-clearfix\">\n\t\t\t\t<p>El Per\u00fa se hizo a caballo, y con el pasar de los a\u00f1os, las actividades y tradiciones ecuestres se extendieron a lo largo del pa\u00eds en diferentes disciplinas tales como: deportivas, art\u00edsticas, de entretenimiento, salud y otros.<\/p><p>Las personas alrededor del mundo ecuestre son muchas, pero no contaban con espacios a trav\u00e9s del cual se sientan informados de lo que les apasiona.<\/p><p>Es as\u00ed que el a\u00f1o 2013 Jair Yesqu\u00e9n Asp\u00edllaga Maestro de Equitaci\u00f3n y Liza Maza Milla Publicista y amante de los caballos, formaron una linda familia y decidieron unir sus sue\u00f1os profesionales para crear el <strong>Primer Magazine Ecuestre del Per\u00fa<\/strong>.<\/p><p>PASO GALOPE simboliza el esfuerzo, sacrificio, lucha, deseo, superaci\u00f3n, sue\u00f1o, capacidad, valor, empe\u00f1o, dedicaci\u00f3n, afici\u00f3n, pasi\u00f3n, experiencia, trabajo, identidad de un gran n\u00famero de personas<\/p>\t\t\t\t\t<\/div>\n\t\t\t\t\t\t<\/div>\n\t\t\t\t<\/div>\n\t\t\t\t\t\t<\/div>\n\t\t\t\t\t<\/div>\n\t\t<\/div>\n\t\t\t\t\t\t\t\t<\/div>\n\t\t\t\t\t<\/div>\n\t\t<\/section>\n\t\t\t\t\t\t\t\t\t<\/div>\n\t\t\t<\/div>\n\t\t\t\t\t<\/div>\n\t\t","protected":false},"excerpt":{"rendered":"<p>Hacemos coberturas a nivel nacional e internacional, estamos presentes como en competencias ecuestres Mundiales, Ol\u00edmpicas, Panamericanos, Sudamericanos, Bolivarianos y culturalmente con la raza caballar del Per\u00fa, el Caballo Peruano de Paso. C\u00f3mo nacimos El Per\u00fa se hizo a caballo, y con el pasar de los a\u00f1os, las actividades y tradiciones ecuestres se extendieron a lo&hellip;<\/p>\n<p class=\"more-link\"><a href=\"http:\/\/pasogalope.com\/web\/quienes-somos\/\" class=\"themebutton2\">Leer m\u00e1s<\/a><\/p>\n","protected":false},"author":1,"featured_media":0,"parent":0,"menu_order":0,"comment_status":"closed","ping_status":"closed","template":"","meta":[],"_links":{"self":[{"href":"http:\/\/pasogalope.com\/web\/wp-json\/wp\/v2\/pages\/32"}],"collection":[{"href":"http:\/\/pasogalope.com\/web\/wp-json\/wp\/v2\/pages"}],"about":[{"href":"http:\/\/pasogalope.com\/web\/wp-json\/wp\/v2\/types\/page"}],"author":[{"embeddable":true,"href":"http:\/\/pasogalope.com\/web\/wp-json\/wp\/v2\/users\/1"}],"replies":[{"embeddable":true,"href":"http:\/\/pasogalope.com\/web\/wp-json\/wp\/v2\/comments?post=32"}],"version-history":[{"count":11,"href":"http:\/\/pasogalope.com\/web\/wp-json\/wp\/v2\/pages\/32\/revisions"}],"predecessor-version":[{"id":108,"href":"http:\/\/pasogalope.com\/web\/wp-json\/wp\/v2\/pages\/32\/revisions\/108"}],"wp:attachment":[{"href":"http:\/\/pasogalope.com\/web\/wp-json\/wp\/v2\/media?parent=32"}],"curies":[{"name":"wp","href":"https:\/\/api.w.org\/{rel}","templated":true}]}}